{"id":1252,"date":"2019-02-18T09:25:57","date_gmt":"2019-02-18T07:25:57","guid":{"rendered":"http:\/\/yourshelf.eu\/omadused\/"},"modified":"2024-04-21T15:24:36","modified_gmt":"2024-04-21T12:24:36","slug":"omadused","status":"publish","type":"page","link":"https:\/\/yourshelf.eu\/et\/omadused\/","title":{"rendered":"Lennarti riiuli omadused"},"content":{"rendered":"\n<div class=\"wp-block-uagb-container uagb-block-4cb7e32d alignfull uagb-is-root-container\"><div class=\"uagb-container-inner-blocks-wrap\">\n<p>Lennarti riiul &#8211; pole midagi liigset, aga k\u00f5ike on piisavalt:<\/p>\n\n\n\n<ul class=\"wp-block-list\">\n<li>19 cm s\u00fcgav &#8211; riiul v\u00f5tab v\u00e4he ruumi, kuid mahutab tohutult asju<\/li>\n\n\n\n<li>v\u00f5id valida ka 25,5 cm s\u00fcgavuse suuremate albumite ja kaustade jaoks &#8211; hinnalisa 20%<\/li>\n\n\n\n<li>erinevalt tavalisest kapist ei j\u00e4\u00e4 raamatud s\u00fcgavale kapisoppi, ei pea neid ka kahte-kolme ritta teineteise taha paigutama. Lennari riiul on t\u00f5esti raamatutele tehtud.<\/li>\n\n\n\n<li>saad panna v\u00e4ga pikki asju: paberirulli, tiibeti pasuna, pika p\u00fcssi, vanaisa jalutuskepi, m\u00f5\u00f5ga &#8211; vaheseinu ju pole<\/li>\n\n\n\n<li>sobib h\u00e4sti LCD teleri aluseks<\/li>\n\n\n\n<li>valmistatud ainult t\u00e4ispuidust<\/li>\n\n\n\n<li>suur toonivalik, toonitud v\u00f5i toonimata \u00f5litatud puit<\/li>\n\n\n\n<li>kui soovid ise lakkida\/\u00f5litada, v\u00f5id tellida  viimistlemata riiuli. See on  20% soodsam<\/li>\n\n\n\n<li>lahtrid on k\u00f5rgusega 26cm &#8211; parajad tavaraamatule<\/li>\n\n\n\n<li>alumine lahter on 33cm &#8211; A4 kaustade ja suurte muinasjuturaamatute jaoks &#8211; lapsed elavad ju p\u00f5randal!<\/li>\n\n\n\n<li>tellides saad muuta riiuli k\u00f5rgust &#8211; teha riiul k\u00f5rgem v\u00f5i lasta osa \u00e4ra l\u00f5igata. Nii sobitad riiuli oma tuppa!<\/li>\n\n\n\n<li>saad moodustada kahe- ja mitmekordse k\u00f5rgusega lahtreid k\u00f5rgete esemete jaoks<\/li>\n\n\n\n<li>pane riiul kokku laiemalt &#8211; paigutades riiulid nihkes paremale-vasakule<\/li>\n\n\n\n<li>viimistlust valides arvesta, et toonitud \u00f5li ei kata puitu, vaid imbub sisse, \u00f5litades j\u00e4\u00e4vad tumedad toonid veidi heledamad kui v\u00e4rvikaardil.<\/li>\n<\/ul>\n\n\n\n<p>Riiul eritellimusena:<br>&#8211; enamuse riiuleid oleme teinud erim\u00f5\u00f5tudega &#8211; k\u00fcsi julgesti, tuleme vajadusel kohale, teeme tasuta joonise ja erikujunduse.<\/p>\n\n\n\n<p>NB! uue Lennarti Riiuliloojaga kujunda t\u00e4pselt oma m\u00f5\u00f5tude ja kujuga riiul &#8211; katseta, m\u00e4ngi&#8230;<\/p>\n\n\n\n<p>Tooted meie e-poes&#8230;<\/p>\n<\/div><\/div>\n\n\n\n<div class=\"wp-block-uagb-container uagb-block-cf7b6c13 alignfull uagb-is-root-container\"><div class=\"uagb-container-inner-blocks-wrap\"><div class=\"woocommerce columns-4 \"><ul class=\"products columns-4\">\n<li class=\"desktop-align-center tablet-align-left mobile-align-left ast-product-gallery-layout-horizontal-slider ast-product-tabs-layout-accordion product type-product post-4499 status-publish first instock product_cat-asiakas-suunnitellut product_cat-kirjahyllyt product_cat-featured has-post-thumbnail shipping-taxable purchasable product-type-simple\">\n\t<a href=\"https:\/\/yourshelf.eu\/et\/shop\/kirjahylly-4-4-96x224cm-kivikko\/\" class=\"woocommerce-LoopProduct-link woocommerce-loop-product__link\"><img loading=\"lazy\" decoding=\"async\" width=\"340\" height=\"340\" src=\"https:\/\/yourshelf.eu\/wp-content\/uploads\/2025\/05\/kivi-riiul-peegel-2-340x340.jpg\" class=\"attachment-woocommerce_thumbnail size-woocommerce_thumbnail\" alt=\"Kirjahylly 4\/4 96x224cm Kivikko\" srcset=\"https:\/\/yourshelf.eu\/wp-content\/uploads\/2025\/05\/kivi-riiul-peegel-2-340x340.jpg 340w, https:\/\/yourshelf.eu\/wp-content\/uploads\/2025\/05\/kivi-riiul-peegel-2-300x300.jpg 300w, https:\/\/yourshelf.eu\/wp-content\/uploads\/2025\/05\/kivi-riiul-peegel-2-100x100.jpg 100w\" sizes=\"auto, (max-width: 340px) 100vw, 340px\" \/><h2 class=\"woocommerce-loop-product__title\">Kirjahylly 4\/4 96x224cm Kivikko<\/h2><div class=\"review-rating\"><div class=\"star-rating\"><span style=\"width:100%\">Hinnanguga <strong class=\"rating\">5.00<\/strong> \/ 5<\/span><\/div><\/div>\n\t<span class=\"price\"><span class=\"woocommerce-Price-amount amount\"><bdi>417<span class=\"woocommerce-Price-currencySymbol\">&euro;<\/span><\/bdi><\/span><\/span>\n<\/a><a href=\"\/et\/wp-json\/wp\/v2\/pages\/1252?add-to-cart=4499\" aria-describedby=\"woocommerce_loop_add_to_cart_link_describedby_4499\" data-quantity=\"1\" class=\"button product_type_simple add_to_cart_button ajax_add_to_cart \" data-product_id=\"4499\" data-product_sku=\"250513-0900261\" aria-label=\"Add to cart: &ldquo;Kirjahylly 4\/4 96x224cm Kivikko&rdquo;\" rel=\"nofollow\" data-success_message=\"&ldquo;Kirjahylly 4\/4 96x224cm Kivikko&rdquo; has been added to your cart\">Lisa korvi<\/a>\t<span id=\"woocommerce_loop_add_to_cart_link_describedby_4499\" class=\"screen-reader-text\">\n\t\t\t<\/span>\n<\/li>\n<li class=\"desktop-align-center tablet-align-left mobile-align-left ast-product-gallery-layout-horizontal-slider ast-product-gallery-with-no-image ast-product-tabs-layout-accordion product type-product post-4794 status-publish instock product_cat-asiakas-suunnitellut shipping-taxable purchasable product-type-simple\">\n\t<a href=\"https:\/\/yourshelf.eu\/et\/shop\/kirjahylly-4-5-152x184cm-salvia-2\/\" class=\"woocommerce-LoopProduct-link woocommerce-loop-product__link\"><img loading=\"lazy\" decoding=\"async\" src=\"https:\/\/yourshelf.eu\/wp-content\/uploads\/2024\/04\/placeholder3.png\" width=\"340\" height=\"340\" class=\"woocommerce-placeholder wp-post-image\" alt=\"Kohat\u00e4ide\"\/><h2 class=\"woocommerce-loop-product__title\">Kirjahylly 4\/5 152x184cm Salvia<\/h2><div class=\"review-rating\"><div class=\"star-rating\"><span style=\"width:0%\">Hinnanguga <strong class=\"rating\">0<\/strong> \/ 5<\/span><\/div><\/div>\n\t<span class=\"price\"><span class=\"woocommerce-Price-amount amount\"><bdi>598<span class=\"woocommerce-Price-currencySymbol\">&euro;<\/span><\/bdi><\/span><\/span>\n<\/a><a href=\"\/et\/wp-json\/wp\/v2\/pages\/1252?add-to-cart=4794\" aria-describedby=\"woocommerce_loop_add_to_cart_link_describedby_4794\" data-quantity=\"1\" class=\"button product_type_simple add_to_cart_button ajax_add_to_cart \" data-product_id=\"4794\" data-product_sku=\"260408-0432219\" aria-label=\"Add to cart: &ldquo;Kirjahylly 4\/5 152x184cm Salvia&rdquo;\" rel=\"nofollow\" data-success_message=\"&ldquo;Kirjahylly 4\/5 152x184cm Salvia&rdquo; has been added to your cart\">Lisa korvi<\/a>\t<span id=\"woocommerce_loop_add_to_cart_link_describedby_4794\" class=\"screen-reader-text\">\n\t\t\t<\/span>\n<\/li>\n<li class=\"desktop-align-center tablet-align-left mobile-align-left ast-product-gallery-layout-horizontal-slider ast-product-gallery-with-no-image ast-product-tabs-layout-accordion product type-product post-4793 status-publish instock product_cat-asiakas-suunnitellut shipping-taxable purchasable product-type-simple\">\n\t<a href=\"https:\/\/yourshelf.eu\/et\/shop\/kirjahylly-4-5-152x184cm-salvia\/\" class=\"woocommerce-LoopProduct-link woocommerce-loop-product__link\"><img loading=\"lazy\" decoding=\"async\" src=\"https:\/\/yourshelf.eu\/wp-content\/uploads\/2024\/04\/placeholder3.png\" width=\"340\" height=\"340\" class=\"woocommerce-placeholder wp-post-image\" alt=\"Kohat\u00e4ide\"\/><h2 class=\"woocommerce-loop-product__title\">Kirjahylly 4\/5 152x184cm Salvia<\/h2><div class=\"review-rating\"><div class=\"star-rating\"><span style=\"width:0%\">Hinnanguga <strong class=\"rating\">0<\/strong> \/ 5<\/span><\/div><\/div>\n\t<span class=\"price\"><span class=\"woocommerce-Price-amount amount\"><bdi>460<span class=\"woocommerce-Price-currencySymbol\">&euro;<\/span><\/bdi><\/span><\/span>\n<\/a><a href=\"\/et\/wp-json\/wp\/v2\/pages\/1252?add-to-cart=4793\" aria-describedby=\"woocommerce_loop_add_to_cart_link_describedby_4793\" data-quantity=\"1\" class=\"button product_type_simple add_to_cart_button ajax_add_to_cart \" data-product_id=\"4793\" data-product_sku=\"260408-0431500\" aria-label=\"Add to cart: &ldquo;Kirjahylly 4\/5 152x184cm Salvia&rdquo;\" rel=\"nofollow\" data-success_message=\"&ldquo;Kirjahylly 4\/5 152x184cm Salvia&rdquo; has been added to your cart\">Lisa korvi<\/a>\t<span id=\"woocommerce_loop_add_to_cart_link_describedby_4793\" class=\"screen-reader-text\">\n\t\t\t<\/span>\n<\/li>\n<li class=\"desktop-align-center tablet-align-left mobile-align-left ast-product-gallery-layout-horizontal-slider ast-product-gallery-with-no-image ast-product-tabs-layout-accordion product type-product post-4792 status-publish last instock product_cat-asiakas-suunnitellut shipping-taxable purchasable product-type-simple\">\n\t<a href=\"https:\/\/yourshelf.eu\/et\/shop\/kirjahylly-3-4-124x140cm-jalopuu\/\" class=\"woocommerce-LoopProduct-link woocommerce-loop-product__link\"><img loading=\"lazy\" decoding=\"async\" src=\"https:\/\/yourshelf.eu\/wp-content\/uploads\/2024\/04\/placeholder3.png\" width=\"340\" height=\"340\" class=\"woocommerce-placeholder wp-post-image\" alt=\"Kohat\u00e4ide\"\/><h2 class=\"woocommerce-loop-product__title\">Kirjahylly 3\/4 124x140cm Jalopuu<\/h2><div class=\"review-rating\"><div class=\"star-rating\"><span style=\"width:0%\">Hinnanguga <strong class=\"rating\">0<\/strong> \/ 5<\/span><\/div><\/div>\n\t<span class=\"price\"><span class=\"woocommerce-Price-amount amount\"><bdi>248<span class=\"woocommerce-Price-currencySymbol\">&euro;<\/span><\/bdi><\/span><\/span>\n<\/a><a href=\"\/et\/wp-json\/wp\/v2\/pages\/1252?add-to-cart=4792\" aria-describedby=\"woocommerce_loop_add_to_cart_link_describedby_4792\" data-quantity=\"1\" class=\"button product_type_simple add_to_cart_button ajax_add_to_cart \" data-product_id=\"4792\" data-product_sku=\"260407-0943070\" aria-label=\"Add to cart: &ldquo;Kirjahylly 3\/4 124x140cm Jalopuu&rdquo;\" rel=\"nofollow\" data-success_message=\"&ldquo;Kirjahylly 3\/4 124x140cm Jalopuu&rdquo; has been added to your cart\">Lisa korvi<\/a>\t<span id=\"woocommerce_loop_add_to_cart_link_describedby_4792\" class=\"screen-reader-text\">\n\t\t\t<\/span>\n<\/li>\n<\/ul>\n<\/div>\n<\/div><\/div>\n","protected":false},"excerpt":{"rendered":"<p>Lennarti riiul &#8211; pole midagi liigset, aga k\u00f5ike on piisavalt: Riiul eritellimusena:&#8211; enamuse riiuleid oleme teinud erim\u00f5\u00f5tudega &#8211; k\u00fcsi julgesti, [&hellip;]<\/p>\n","protected":false},"author":373,"featured_media":0,"parent":0,"menu_order":0,"comment_status":"closed","ping_status":"closed","template":"","meta":{"_uag_custom_page_level_css":"","site-sidebar-layout":"default","site-content-layout":"","ast-site-content-layout":"default","site-content-style":"default","site-sidebar-style":"default","ast-global-header-display":"","ast-banner-title-visibility":"","ast-main-header-display":"","ast-hfb-above-header-display":"","ast-hfb-below-header-display":"","ast-hfb-mobile-header-display":"","site-post-title":"","ast-breadcrumbs-content":"","ast-featured-img":"","footer-sml-layout":"","theme-transparent-header-meta":"","adv-header-id-meta":"","stick-header-meta":"","header-above-stick-meta":"","header-main-stick-meta":"","header-below-stick-meta":"","astra-migrate-meta-layouts":"default","ast-page-background-enabled":"default","ast-page-background-meta":{"desktop":{"background-color":"var(--ast-global-color-4)","background-image":"","background-repeat":"repeat","background-position":"center center","background-size":"auto","background-attachment":"scroll","background-type":"","background-media":"","overlay-type":"","overlay-color":"","overlay-opacity":"","overlay-gradient":""},"tablet":{"background-color":"","background-image":"","background-repeat":"repeat","background-position":"center center","background-size":"auto","background-attachment":"scroll","background-type":"","background-media":"","overlay-type":"","overlay-color":"","overlay-opacity":"","overlay-gradient":""},"mobile":{"background-color":"","background-image":"","background-repeat":"repeat","background-position":"center center","background-size":"auto","background-attachment":"scroll","background-type":"","background-media":"","overlay-type":"","overlay-color":"","overlay-opacity":"","overlay-gradient":""}},"ast-content-background-meta":{"desktop":{"background-color":"var(--ast-global-color-5)","background-image":"","background-repeat":"repeat","background-position":"center center","background-size":"auto","background-attachment":"scroll","background-type":"","background-media":"","overlay-type":"","overlay-color":"","overlay-opacity":"","overlay-gradient":""},"tablet":{"background-color":"var(--ast-global-color-5)","background-image":"","background-repeat":"repeat","background-position":"center center","background-size":"auto","background-attachment":"scroll","background-type":"","background-media":"","overlay-type":"","overlay-color":"","overlay-opacity":"","overlay-gradient":""},"mobile":{"background-color":"var(--ast-global-color-5)","background-image":"","background-repeat":"repeat","background-position":"center center","background-size":"auto","background-attachment":"scroll","background-type":"","background-media":"","overlay-type":"","overlay-color":"","overlay-opacity":"","overlay-gradient":""}},"footnotes":""},"class_list":["post-1252","page","type-page","status-publish","hentry"],"uagb_featured_image_src":{"full":false,"thumbnail":false,"medium":false,"medium_large":false,"large":false,"1536x1536":false,"2048x2048":false,"woocommerce_thumbnail":false,"woocommerce_single":false,"woocommerce_gallery_thumbnail":false},"uagb_author_info":{"display_name":"Mario Vilbiks","author_link":"https:\/\/yourshelf.eu\/et\/author\/mariovilbiks\/"},"uagb_comment_info":0,"uagb_excerpt":"Lennarti riiul &#8211; pole midagi liigset, aga k\u00f5ike on piisavalt: Riiul eritellimusena:&#8211; enamuse riiuleid oleme teinud erim\u00f5\u00f5tudega &#8211; k\u00fcsi julgesti, [&hellip;]","_links":{"self":[{"href":"https:\/\/yourshelf.eu\/et\/wp-json\/wp\/v2\/pages\/1252","targetHints":{"allow":["GET"]}}],"collection":[{"href":"https:\/\/yourshelf.eu\/et\/wp-json\/wp\/v2\/pages"}],"about":[{"href":"https:\/\/yourshelf.eu\/et\/wp-json\/wp\/v2\/types\/page"}],"author":[{"embeddable":true,"href":"https:\/\/yourshelf.eu\/et\/wp-json\/wp\/v2\/users\/373"}],"replies":[{"embeddable":true,"href":"https:\/\/yourshelf.eu\/et\/wp-json\/wp\/v2\/comments?post=1252"}],"version-history":[{"count":4,"href":"https:\/\/yourshelf.eu\/et\/wp-json\/wp\/v2\/pages\/1252\/revisions"}],"predecessor-version":[{"id":3901,"href":"https:\/\/yourshelf.eu\/et\/wp-json\/wp\/v2\/pages\/1252\/revisions\/3901"}],"wp:attachment":[{"href":"https:\/\/yourshelf.eu\/et\/wp-json\/wp\/v2\/media?parent=1252"}],"curies":[{"name":"wp","href":"https:\/\/api.w.org\/{rel}","templated":true}]}}