{"id":2019,"date":"2017-08-10T10:35:30","date_gmt":"2017-08-10T07:35:30","guid":{"rendered":"http:\/\/yourshelf.eu\/tuote\/hylly-1913-175x274cm-hiili-4\/"},"modified":"2019-12-08T12:26:16","modified_gmt":"2019-12-08T10:26:16","slug":"hylly-1913-175x274cm-hiili-4","status":"publish","type":"product","link":"https:\/\/yourshelf.eu\/et\/shop\/hylly-1913-175x274cm-hiili-4\/","title":{"rendered":"Veiniriiul 19\/13 175x274cm S\u00fcsi"},"content":{"rendered":"<p>Hyllyj\u00e4: 19<br \/>\nPystyp\u00e4\u00e4tyj\u00e4: 13<br \/>\nViimeistely\u00f6ljyn s\u00e4vy: Hiili 3445<br \/>\nLeveys: 274cm<br \/>\nKorkeus: 175cm<br \/>\nSyvyys: 25.5 cm<br \/>\nHyllylevyn paksuus: 2cm<br \/>\nHyllytolpan paksuus: 3cm<br \/>\n<a href=\"https:\/\/yourshelf.eu\/suunnittele-hyllysi\/#k=L1jd0013*3445*mh32!0|5m9k!5m9o|8ff0!b8ji|guti!mh33|0!mh33|mh32!mh33|0!mh33|0!mh33|0!mh33|mh32!mh33|0!mh33|0!mh33|0!mh33|mh32!mh33*14|14|14|14|14|14|14|14|14|14|14|14|14|14|14|14|14|14|14!0|12|12|12|12|12|12|12|12|12|12|12|12|7*1*11\">Muokkaa hyllyn muotoa ja v\u00e4rej\u00e4 hyllynsuunnitteluohjelmalla&#8230;<\/a><\/p>\n<p>Viimeistelem\u00e4t\u00f6n hylly on 20 % edullisempi &#8211; voit itse lakata tai \u00f6ljyt\u00e4.<br \/>\nHylly toimitetaan osissa.<br \/>\nValmistettu Virossa. Kokopuu<\/p>\n<p>Voit valita \u00f6ljyn s\u00e4vyn, <a href=\"http:\/\/www.tikkurila.fi\/kotimaalarit\/varit\/varikartat_sisamaalaukseen\/kuultavat_sisavarit\" target=\"blank\" rel=\"noopener noreferrer\"> katso Tikkurilan l\u00e4pin\u00e4kyvien lakkojen v\u00e4rikarttaa&#8230;<\/a> , oikea puu ei kuitenkaan v\u00e4ltt\u00e4m\u00e4tt\u00e4 j\u00e4\u00e4 samanlaiseksi kuin n\u00e4yt\u00f6ll\u00e4.<br \/>\nS\u00e4vytetty \u00f6ljy ei peit\u00e4 puuta niinkuin petsi, \u00f6ljytess\u00e4 tummat s\u00e4vyt j\u00e4\u00e4v\u00e4t vaaleammiksi kuin v\u00e4rikartalla.<br \/>\nKysy meilt\u00e4 n\u00e4ytett\u00e4 tai katso s\u00e4vyn\u00e4ytteit\u00e4 Tikkurilan liikkeess\u00e4.<\/p>\n<p>Jos haluat hyllyn tolppien ylettyv\u00e4n kattoon asti, sy\u00f6t\u00e4 korkeus huomioitavaa-kentt\u00e4\u00e4n. Suosittelemme korkeuden ilmoittamista 1-2 cm oikeasta katon korkeudesta matalampana, jotta se mahtuisi asennettaessa.<\/p>\n","protected":false},"excerpt":{"rendered":"<p><a href=\"https:\/\/yourshelf.eu\/suunnittele-hyllysi\/#k=L1jd0013*3445*mh32!0|5m9k!5m9o|8ff0!b8ji|guti!mh33|0!mh33|mh32!mh33|0!mh33|0!mh33|0!mh33|mh32!mh33|0!mh33|0!mh33|0!mh33|mh32!mh33*14|14|14|14|14|14|14|14|14|14|14|14|14|14|14|14|14|14|14!0|12|12|12|12|12|12|12|12|12|12|12|12|7*1*11\">Muokkaa tuotetta&#8230;<\/a><\/p>\n","protected":false},"featured_media":0,"comment_status":"open","ping_status":"closed","template":"","meta":{"_uag_custom_page_level_css":"","site-sidebar-layout":"default","site-content-layout":"","ast-site-content-layout":"default","site-content-style":"default","site-sidebar-style":"default","ast-global-header-display":"","ast-banner-title-visibility":"","ast-main-header-display":"","ast-hfb-above-header-display":"","ast-hfb-below-header-display":"","ast-hfb-mobile-header-display":"","site-post-title":"","ast-breadcrumbs-content":"","ast-featured-img":"","footer-sml-layout":"","theme-transparent-header-meta":"","adv-header-id-meta":"","stick-header-meta":"","header-above-stick-meta":"","header-main-stick-meta":"","header-below-stick-meta":"","astra-migrate-meta-layouts":"default","ast-page-background-enabled":"default","ast-page-background-meta":{"desktop":{"background-color":"var(--ast-global-color-4)","background-image":"","background-repeat":"repeat","background-position":"center center","background-size":"auto","background-attachment":"scroll","background-type":"","background-media":"","overlay-type":"","overlay-color":"","overlay-opacity":"","overlay-gradient":""},"tablet":{"background-color":"","background-image":"","background-repeat":"repeat","background-position":"center center","background-size":"auto","background-attachment":"scroll","background-type":"","background-media":"","overlay-type":"","overlay-color":"","overlay-opacity":"","overlay-gradient":""},"mobile":{"background-color":"","background-image":"","background-repeat":"repeat","background-position":"center center","background-size":"auto","background-attachment":"scroll","background-type":"","background-media":"","overlay-type":"","overlay-color":"","overlay-opacity":"","overlay-gradient":""}},"ast-content-background-meta":{"desktop":{"background-color":"var(--ast-global-color-5)","background-image":"","background-repeat":"repeat","background-position":"center center","background-size":"auto","background-attachment":"scroll","background-type":"","background-media":"","overlay-type":"","overlay-color":"","overlay-opacity":"","overlay-gradient":""},"tablet":{"background-color":"var(--ast-global-color-5)","background-image":"","background-repeat":"repeat","background-position":"center center","background-size":"auto","background-attachment":"scroll","background-type":"","background-media":"","overlay-type":"","overlay-color":"","overlay-opacity":"","overlay-gradient":""},"mobile":{"background-color":"var(--ast-global-color-5)","background-image":"","background-repeat":"repeat","background-position":"center center","background-size":"auto","background-attachment":"scroll","background-type":"","background-media":"","overlay-type":"","overlay-color":"","overlay-opacity":"","overlay-gradient":""}}},"product_brand":[],"product_cat":[60,63],"product_tag":[],"class_list":{"0":"post-2019","1":"product","2":"type-product","3":"status-publish","5":"product_cat-kliendi-kujundatud","6":"product_cat-veiniriiulid","7":"desktop-align-center","8":"tablet-align-left","9":"mobile-align-left","10":"ast-product-gallery-layout-horizontal-slider","11":"ast-product-gallery-with-no-image","12":"ast-product-tabs-layout-accordion","14":"first","15":"instock","16":"shipping-taxable","17":"product-type-simple"},"uagb_featured_image_src":{"full":false,"thumbnail":false,"medium":false,"medium_large":false,"large":false,"1536x1536":false,"2048x2048":false,"woocommerce_thumbnail":false,"woocommerce_single":false,"woocommerce_gallery_thumbnail":false},"uagb_author_info":{"display_name":"Mario Vilbiks","author_link":"https:\/\/yourshelf.eu\/et\/author\/"},"uagb_comment_info":0,"uagb_excerpt":"Muokkaa tuotetta...","_links":{"self":[{"href":"https:\/\/yourshelf.eu\/et\/wp-json\/wp\/v2\/product\/2019","targetHints":{"allow":["GET"]}}],"collection":[{"href":"https:\/\/yourshelf.eu\/et\/wp-json\/wp\/v2\/product"}],"about":[{"href":"https:\/\/yourshelf.eu\/et\/wp-json\/wp\/v2\/types\/product"}],"replies":[{"embeddable":true,"href":"https:\/\/yourshelf.eu\/et\/wp-json\/wp\/v2\/comments?post=2019"}],"wp:attachment":[{"href":"https:\/\/yourshelf.eu\/et\/wp-json\/wp\/v2\/media?parent=2019"}],"wp:term":[{"taxonomy":"product_brand","embeddable":true,"href":"https:\/\/yourshelf.eu\/et\/wp-json\/wp\/v2\/product_brand?post=2019"},{"taxonomy":"product_cat","embeddable":true,"href":"https:\/\/yourshelf.eu\/et\/wp-json\/wp\/v2\/product_cat?post=2019"},{"taxonomy":"product_tag","embeddable":true,"href":"https:\/\/yourshelf.eu\/et\/wp-json\/wp\/v2\/product_tag?post=2019"}],"curies":[{"name":"wp","href":"https:\/\/api.w.org\/{rel}","templated":true}]}}