{"id":4438,"date":"2025-03-07T09:41:19","date_gmt":"2025-03-07T06:41:19","guid":{"rendered":"https:\/\/yourshelf.eu\/shop\/kirjahylly-3-3-96x140cm-viimeistelematon-puu\/"},"modified":"2025-05-30T11:20:39","modified_gmt":"2025-05-30T08:20:39","slug":"kirjahylly-3-3-96x140cm-viimeistelematon-puu","status":"publish","type":"product","link":"https:\/\/yourshelf.eu\/et\/shop\/kirjahylly-3-3-96x140cm-viimeistelematon-puu\/","title":{"rendered":"Kirjahylly 3\/4 98x140cm Viimeistelem\u00e4t\u00f6n puu"},"content":{"rendered":"<p>Pystyosia: 3<br \/>\nHyllylevyj\u00e4: 3<br \/>\nViimeistely\u00f6ljyn s\u00e4vy: Viimeistelem\u00e4t\u00f6n puu xxxx<br \/>\nLeveys: 140cm<br \/>\nKorkeus: 96cm<br \/>\nSyvyys: 19.5 cm<br \/>\nHyllylevyn paksuus: 2cm<br \/>\nHyllytolpan paksuus: 3cm<br \/>\n<a href=\"https:\/\/yourshelf.eu\/suunnittele-hyllysi\/#k=L1342023*xxxx*e!0|f!f|f!f|f!f|f!f*44|44|44!0|26|26|33|7*0*43\">Muokkaa hyllyn muotoa ja v\u00e4rej\u00e4 hyllynsuunnitteluohjelmalla&#8230;<\/a><\/p>\n<p>Viimeistelem\u00e4t\u00f6n hylly on 20 % edullisempi &#8211; voit itse lakata tai \u00f6ljyt\u00e4.<br \/>\nHylly toimitetaan osissa.<br \/>\nValmistettu Virossa. Kokopuu<\/p>\n<div>\u00a0Voit valita \u00f6ljyn s\u00e4vyn,\u00a0<a href=\"https:\/\/yourshelf.eu\/wp-content\/uploads\/2025\/05\/colors-fin.jpeg\">katso v\u00e4rikarttaa\u2026<\/a>\u00a0, oikea puu ei kuitenkaan v\u00e4ltt\u00e4m\u00e4tt\u00e4 j\u00e4\u00e4 samanlaiseksi kuin n\u00e4yt\u00f6ll\u00e4.<\/div>\n<p>S\u00e4vytetty \u00f6ljy ei peit\u00e4 puuta niinkuin petsi, \u00f6ljytess\u00e4 tummat s\u00e4vyt j\u00e4\u00e4v\u00e4t vaaleammiksi kuin v\u00e4rikartalla.<\/p>\n<p>Jos haluat hyllyn tolppien ylettyv\u00e4n kattoon asti, sy\u00f6t\u00e4 korkeus huomioitavaa-kentt\u00e4\u00e4n. Suosittelemme korkeuden ilmoittamista 1-2 cm oikeasta katon korkeudesta matalampana, jotta se mahtuisi asennettaessa.<\/p>\n","protected":false},"excerpt":{"rendered":"<p><a href=\"https:\/\/yourshelf.eu\/suunnittele-hyllysi\/#k=L1342023*xxxx*e!0|f!f|f!f|f!f|f!f*44|44|44!0|26|26|33|7*0*43\">Muokkaa tuotetta&#8230;<\/a><\/p>\n","protected":false},"featured_media":4577,"comment_status":"open","ping_status":"closed","template":"","meta":{"_uag_custom_page_level_css":"","site-sidebar-layout":"default","site-content-layout":"","ast-site-content-layout":"default","site-content-style":"default","site-sidebar-style":"default","ast-global-header-display":"","ast-banner-title-visibility":"","ast-main-header-display":"","ast-hfb-above-header-display":"","ast-hfb-below-header-display":"","ast-hfb-mobile-header-display":"","site-post-title":"","ast-breadcrumbs-content":"","ast-featured-img":"","footer-sml-layout":"","theme-transparent-header-meta":"default","adv-header-id-meta":"","stick-header-meta":"default","header-above-stick-meta":"","header-main-stick-meta":"","header-below-stick-meta":"","astra-migrate-meta-layouts":"set","ast-page-background-enabled":"default","ast-page-background-meta":{"desktop":{"background-color":"var(--ast-global-color-4)","background-image":"","background-repeat":"repeat","background-position":"center center","background-size":"auto","background-attachment":"scroll","background-type":"","background-media":"","overlay-type":"","overlay-color":"","overlay-opacity":"","overlay-gradient":""},"tablet":{"background-color":"","background-image":"","background-repeat":"repeat","background-position":"center center","background-size":"auto","background-attachment":"scroll","background-type":"","background-media":"","overlay-type":"","overlay-color":"","overlay-opacity":"","overlay-gradient":""},"mobile":{"background-color":"","background-image":"","background-repeat":"repeat","background-position":"center center","background-size":"auto","background-attachment":"scroll","background-type":"","background-media":"","overlay-type":"","overlay-color":"","overlay-opacity":"","overlay-gradient":""}},"ast-content-background-meta":{"desktop":{"background-color":"var(--ast-global-color-5)","background-image":"","background-repeat":"repeat","background-position":"center center","background-size":"auto","background-attachment":"scroll","background-type":"","background-media":"","overlay-type":"","overlay-color":"","overlay-opacity":"","overlay-gradient":""},"tablet":{"background-color":"var(--ast-global-color-5)","background-image":"","background-repeat":"repeat","background-position":"center center","background-size":"auto","background-attachment":"scroll","background-type":"","background-media":"","overlay-type":"","overlay-color":"","overlay-opacity":"","overlay-gradient":""},"mobile":{"background-color":"var(--ast-global-color-5)","background-image":"","background-repeat":"repeat","background-position":"center center","background-size":"auto","background-attachment":"scroll","background-type":"","background-media":"","overlay-type":"","overlay-color":"","overlay-opacity":"","overlay-gradient":""}}},"product_brand":[],"product_cat":[12],"product_tag":[],"class_list":{"0":"post-4438","1":"product","2":"type-product","3":"status-publish","4":"has-post-thumbnail","6":"product_cat-asiakas-suunnitellut","7":"desktop-align-center","8":"tablet-align-left","9":"mobile-align-left","10":"ast-product-gallery-layout-horizontal-slider","11":"ast-product-gallery-with-no-image","12":"ast-product-tabs-layout-accordion","14":"first","15":"instock","16":"shipping-taxable","17":"purchasable","18":"product-type-simple"},"uagb_featured_image_src":{"full":["https:\/\/yourshelf.eu\/wp-content\/uploads\/2025\/03\/3-4-viimistlemata-riiul.jpg",474,291,false],"thumbnail":["https:\/\/yourshelf.eu\/wp-content\/uploads\/2025\/03\/3-4-viimistlemata-riiul-300x291.jpg",300,291,true],"medium":["https:\/\/yourshelf.eu\/wp-content\/uploads\/2025\/03\/3-4-viimistlemata-riiul.jpg",474,291,false],"medium_large":["https:\/\/yourshelf.eu\/wp-content\/uploads\/2025\/03\/3-4-viimistlemata-riiul.jpg",474,291,false],"large":["https:\/\/yourshelf.eu\/wp-content\/uploads\/2025\/03\/3-4-viimistlemata-riiul.jpg",474,291,false],"1536x1536":["https:\/\/yourshelf.eu\/wp-content\/uploads\/2025\/03\/3-4-viimistlemata-riiul.jpg",474,291,false],"2048x2048":["https:\/\/yourshelf.eu\/wp-content\/uploads\/2025\/03\/3-4-viimistlemata-riiul.jpg",474,291,false],"woocommerce_thumbnail":["https:\/\/yourshelf.eu\/wp-content\/uploads\/2025\/03\/3-4-viimistlemata-riiul-340x291.jpg",340,291,true],"woocommerce_single":["https:\/\/yourshelf.eu\/wp-content\/uploads\/2025\/03\/3-4-viimistlemata-riiul.jpg",474,291,false],"woocommerce_gallery_thumbnail":["https:\/\/yourshelf.eu\/wp-content\/uploads\/2025\/03\/3-4-viimistlemata-riiul-100x100.jpg",100,100,true]},"uagb_author_info":{"display_name":"Mario Vilbiks","author_link":"https:\/\/yourshelf.eu\/et\/author\/"},"uagb_comment_info":0,"uagb_excerpt":"Muokkaa tuotetta...","_links":{"self":[{"href":"https:\/\/yourshelf.eu\/et\/wp-json\/wp\/v2\/product\/4438","targetHints":{"allow":["GET"]}}],"collection":[{"href":"https:\/\/yourshelf.eu\/et\/wp-json\/wp\/v2\/product"}],"about":[{"href":"https:\/\/yourshelf.eu\/et\/wp-json\/wp\/v2\/types\/product"}],"replies":[{"embeddable":true,"href":"https:\/\/yourshelf.eu\/et\/wp-json\/wp\/v2\/comments?post=4438"}],"wp:featuredmedia":[{"embeddable":true,"href":"https:\/\/yourshelf.eu\/et\/wp-json\/wp\/v2\/media\/4577"}],"wp:attachment":[{"href":"https:\/\/yourshelf.eu\/et\/wp-json\/wp\/v2\/media?parent=4438"}],"wp:term":[{"taxonomy":"product_brand","embeddable":true,"href":"https:\/\/yourshelf.eu\/et\/wp-json\/wp\/v2\/product_brand?post=4438"},{"taxonomy":"product_cat","embeddable":true,"href":"https:\/\/yourshelf.eu\/et\/wp-json\/wp\/v2\/product_cat?post=4438"},{"taxonomy":"product_tag","embeddable":true,"href":"https:\/\/yourshelf.eu\/et\/wp-json\/wp\/v2\/product_tag?post=4438"}],"curies":[{"name":"wp","href":"https:\/\/api.w.org\/{rel}","templated":true}]}}