{"id":4613,"date":"2025-04-30T14:03:56","date_gmt":"2025-04-30T11:03:56","guid":{"rendered":"https:\/\/yourshelf.eu\/shop\/kirjahylly-10-9-268x182cm-tammi\/"},"modified":"2025-05-30T16:20:16","modified_gmt":"2025-05-30T13:20:16","slug":"kirjahylly-10-9-268x182cm-tammi","status":"publish","type":"product","link":"https:\/\/yourshelf.eu\/et\/shop\/kirjahylly-10-9-268x182cm-tammi\/","title":{"rendered":"Kirjahylly 10\/9 268x182cm Tammi"},"content":{"rendered":"<p>Pystyosia: 10<br \/>\nHyllylevyj\u00e4: 9<br \/>\nViimeistely\u00f6ljyn s\u00e4vy: Tammi 1518<br \/>\nLeveys: 182cm<br \/>\nKorkeus: 268cm<br \/>\nSyvyys: 19.5 cm<br \/>\nHyllylevyn paksuus: 2cm<br \/>\nHyllytolpan paksuus: 3cm<br \/>\n<a href=\"https:\/\/yourshelf.eu\/suunnittele-hyllysi\/#k=L1a90023*1518*ri!td|1ku!x5|1ku!17n|1ku!x5|1ku!17n|1ku!x5|1ku!17n|1ku!x5|1ku!10l|1ku!10l*29|14.5|14.5|14.5|14.5|14.5|14.5|14.5|14.5|29!30|26|26|26|26|26|26|26|33|7*0*8\">Muokkaa hyllyn muotoa ja v\u00e4rej\u00e4 hyllynsuunnitteluohjelmalla&#8230;<\/a><\/p>\n<p>Viimeistelem\u00e4t\u00f6n hylly on 20 % edullisempi &#8211; voit itse lakata tai \u00f6ljyt\u00e4.<br \/>\nHylly toimitetaan osissa.<br \/>\nValmistettu Virossa. Kokopuu<\/p>\n<p>Voit valita \u00f6ljyn s\u00e4vyn, <a href=\"https:\/\/yourshelf.eu\/wp-content\/uploads\/2025\/05\/colors-fin.jpeg\" target=\"blank\"> katso v\u00e4rikarttaa&#8230;<\/a> , oikea puu ei kuitenkaan v\u00e4ltt\u00e4m\u00e4tt\u00e4 j\u00e4\u00e4 samanlaiseksi kuin n\u00e4yt\u00f6ll\u00e4.<br \/>\nS\u00e4vytetty \u00f6ljy ei peit\u00e4 puuta niinkuin petsi, \u00f6ljytess\u00e4 tummat s\u00e4vyt j\u00e4\u00e4v\u00e4t vaaleammiksi kuin v\u00e4rikartalla.<\/p>\n<p>Jos haluat hyllyn tolppien ylettyv\u00e4n kattoon asti, sy\u00f6t\u00e4 korkeus huomioitavaa-kentt\u00e4\u00e4n. Suosittelemme korkeuden ilmoittamista 1-2 cm oikeasta katon korkeudesta matalampana, jotta se mahtuisi asennettaessa.<\/p>\n","protected":false},"excerpt":{"rendered":"<p><a href=\"https:\/\/yourshelf.eu\/suunnittele-hyllysi\/#k=L1a90023*1518*ri!td|1ku!x5|1ku!17n|1ku!x5|1ku!17n|1ku!x5|1ku!17n|1ku!x5|1ku!10l|1ku!10l*29|14.5|14.5|14.5|14.5|14.5|14.5|14.5|14.5|29!30|26|26|26|26|26|26|26|33|7*0*8\">Muokkaa tuotetta&#8230;<\/a><\/p>\n","protected":false},"featured_media":4614,"comment_status":"open","ping_status":"closed","template":"","meta":{"_uag_custom_page_level_css":"","site-sidebar-layout":"default","site-content-layout":"","ast-site-content-layout":"default","site-content-style":"default","site-sidebar-style":"default","ast-global-header-display":"","ast-banner-title-visibility":"","ast-main-header-display":"","ast-hfb-above-header-display":"","ast-hfb-below-header-display":"","ast-hfb-mobile-header-display":"","site-post-title":"","ast-breadcrumbs-content":"","ast-featured-img":"","footer-sml-layout":"","theme-transparent-header-meta":"default","adv-header-id-meta":"","stick-header-meta":"default","header-above-stick-meta":"","header-main-stick-meta":"","header-below-stick-meta":"","astra-migrate-meta-layouts":"set","ast-page-background-enabled":"default","ast-page-background-meta":{"desktop":{"background-color":"var(--ast-global-color-4)","background-image":"","background-repeat":"repeat","background-position":"center center","background-size":"auto","background-attachment":"scroll","background-type":"","background-media":"","overlay-type":"","overlay-color":"","overlay-opacity":"","overlay-gradient":""},"tablet":{"background-color":"","background-image":"","background-repeat":"repeat","background-position":"center center","background-size":"auto","background-attachment":"scroll","background-type":"","background-media":"","overlay-type":"","overlay-color":"","overlay-opacity":"","overlay-gradient":""},"mobile":{"background-color":"","background-image":"","background-repeat":"repeat","background-position":"center center","background-size":"auto","background-attachment":"scroll","background-type":"","background-media":"","overlay-type":"","overlay-color":"","overlay-opacity":"","overlay-gradient":""}},"ast-content-background-meta":{"desktop":{"background-color":"var(--ast-global-color-5)","background-image":"","background-repeat":"repeat","background-position":"center center","background-size":"auto","background-attachment":"scroll","background-type":"","background-media":"","overlay-type":"","overlay-color":"","overlay-opacity":"","overlay-gradient":""},"tablet":{"background-color":"var(--ast-global-color-5)","background-image":"","background-repeat":"repeat","background-position":"center center","background-size":"auto","background-attachment":"scroll","background-type":"","background-media":"","overlay-type":"","overlay-color":"","overlay-opacity":"","overlay-gradient":""},"mobile":{"background-color":"var(--ast-global-color-5)","background-image":"","background-repeat":"repeat","background-position":"center center","background-size":"auto","background-attachment":"scroll","background-type":"","background-media":"","overlay-type":"","overlay-color":"","overlay-opacity":"","overlay-gradient":""}}},"product_brand":[],"product_cat":[10],"product_tag":[],"class_list":{"0":"post-4613","1":"product","2":"type-product","3":"status-publish","4":"has-post-thumbnail","6":"product_cat-featured","7":"desktop-align-center","8":"tablet-align-left","9":"mobile-align-left","10":"ast-product-gallery-layout-horizontal-slider","11":"ast-product-tabs-layout-accordion","13":"first","14":"instock","15":"shipping-taxable","16":"purchasable","17":"product-type-simple"},"uagb_featured_image_src":{"full":["https:\/\/yourshelf.eu\/wp-content\/uploads\/2025\/05\/zikzak-tume-tamm.png",1004,1418,false],"thumbnail":["https:\/\/yourshelf.eu\/wp-content\/uploads\/2025\/05\/zikzak-tume-tamm-300x300.png",300,300,true],"medium":["https:\/\/yourshelf.eu\/wp-content\/uploads\/2025\/05\/zikzak-tume-tamm-354x500.png",354,500,true],"medium_large":["https:\/\/yourshelf.eu\/wp-content\/uploads\/2025\/05\/zikzak-tume-tamm-768x1085.png",768,1085,true],"large":["https:\/\/yourshelf.eu\/wp-content\/uploads\/2025\/05\/zikzak-tume-tamm-725x1024.png",725,1024,true],"1536x1536":["https:\/\/yourshelf.eu\/wp-content\/uploads\/2025\/05\/zikzak-tume-tamm.png",1004,1418,false],"2048x2048":["https:\/\/yourshelf.eu\/wp-content\/uploads\/2025\/05\/zikzak-tume-tamm.png",1004,1418,false],"woocommerce_thumbnail":["https:\/\/yourshelf.eu\/wp-content\/uploads\/2025\/05\/zikzak-tume-tamm-340x340.png",340,340,true],"woocommerce_single":["https:\/\/yourshelf.eu\/wp-content\/uploads\/2025\/05\/zikzak-tume-tamm-500x706.png",500,706,true],"woocommerce_gallery_thumbnail":["https:\/\/yourshelf.eu\/wp-content\/uploads\/2025\/05\/zikzak-tume-tamm-100x100.png",100,100,true]},"uagb_author_info":{"display_name":"Mario Vilbiks","author_link":"https:\/\/yourshelf.eu\/et\/author\/"},"uagb_comment_info":0,"uagb_excerpt":"Muokkaa tuotetta...","_links":{"self":[{"href":"https:\/\/yourshelf.eu\/et\/wp-json\/wp\/v2\/product\/4613","targetHints":{"allow":["GET"]}}],"collection":[{"href":"https:\/\/yourshelf.eu\/et\/wp-json\/wp\/v2\/product"}],"about":[{"href":"https:\/\/yourshelf.eu\/et\/wp-json\/wp\/v2\/types\/product"}],"replies":[{"embeddable":true,"href":"https:\/\/yourshelf.eu\/et\/wp-json\/wp\/v2\/comments?post=4613"}],"wp:featuredmedia":[{"embeddable":true,"href":"https:\/\/yourshelf.eu\/et\/wp-json\/wp\/v2\/media\/4614"}],"wp:attachment":[{"href":"https:\/\/yourshelf.eu\/et\/wp-json\/wp\/v2\/media?parent=4613"}],"wp:term":[{"taxonomy":"product_brand","embeddable":true,"href":"https:\/\/yourshelf.eu\/et\/wp-json\/wp\/v2\/product_brand?post=4613"},{"taxonomy":"product_cat","embeddable":true,"href":"https:\/\/yourshelf.eu\/et\/wp-json\/wp\/v2\/product_cat?post=4613"},{"taxonomy":"product_tag","embeddable":true,"href":"https:\/\/yourshelf.eu\/et\/wp-json\/wp\/v2\/product_tag?post=4613"}],"curies":[{"name":"wp","href":"https:\/\/api.w.org\/{rel}","templated":true}]}}