{"id":631,"date":"2016-09-27T09:09:05","date_gmt":"2016-09-27T06:09:05","guid":{"rendered":"http:\/\/yourshelf.eu\/tuote\/hylly-25-126x96cm-vanha-tammi\/"},"modified":"2025-05-30T11:29:32","modified_gmt":"2025-05-30T08:29:32","slug":"hylly-25-126x96cm-vanha-tammi","status":"publish","type":"product","link":"https:\/\/yourshelf.eu\/et\/shop\/hylly-25-126x96cm-vanha-tammi\/","title":{"rendered":"Hylly 2\/5 126x96cm Vanha Tammi"},"content":{"rendered":"<p>Hyllyj\u00e4: 2<br \/>\nPystyp\u00e4\u00e4tyj\u00e4: 5<br \/>\nViimeistely\u00f6ljyn s\u00e4vy: Vanha Tammi 3440<br \/>\nLeveys: 96cm<br \/>\nKorkeus: 126cm<br \/>\nSyvyys: 19.5cm<br \/>\nHyllylevyn paksuus: 2cm<br \/>\nHyllytolpan paksuus: 3cm<br \/>\n<a href=\"https:\/\/yourshelf.eu\/suunnittele-hyllysi\/#k=L1250023*3440*7!0|7!7|6!7|7!7|7!7|7!7*44|44!0|26|26|26|33|7*0*32\">Muokkaa hyllyn muotoa ja v\u00e4rej\u00e4 \u2026<\/a><\/p>\n<p>Viimeistelem\u00e4t\u00f6n hylly on 20 % edullisempi &#8211; voit itse lakata tai \u00f6ljyt\u00e4.<br \/>\nHylly toimitetaan osissa.<br \/>\nValmistettu Virossa. Kokopuu<\/p>\n<div>\u00a0Voit valita \u00f6ljyn s\u00e4vyn,\u00a0<a href=\"https:\/\/yourshelf.eu\/wp-content\/uploads\/2025\/05\/colors-fin.jpeg\">katso v\u00e4rikarttaa\u2026<\/a>\u00a0, oikea puu ei kuitenkaan v\u00e4ltt\u00e4m\u00e4tt\u00e4 j\u00e4\u00e4 samanlaiseksi kuin n\u00e4yt\u00f6ll\u00e4.<\/div>\n<p>S\u00e4vytetty \u00f6ljy ei peit\u00e4 puuta niinkuin petsi, \u00f6ljytess\u00e4 tummat s\u00e4vyt j\u00e4\u00e4v\u00e4t vaaleammiksi kuin v\u00e4rikartalla.<\/p>\n<p>Jos haluat hyllyn tolppien ylettyv\u00e4n kattoon asti, sy\u00f6t\u00e4 korkeus huomioitavaa-kentt\u00e4\u00e4n. Suosittelemme korkeuden ilmoittamista 1-2 cm oikeasta katon korkeudesta matalampana, jotta se mahtuisi asennettaessa.<\/p>\n","protected":false},"excerpt":{"rendered":"<p><a href=\"https:\/\/yourshelf.eu\/suunnittele-hyllysi\/#k=L1250023*3440*7!0|7!7|6!7|7!7|7!7|7!7*44|44!0|26|26|26|33|7*0*32\">Muokkaa tuotetta..<\/a><\/p>\n","protected":false},"featured_media":632,"comment_status":"closed","ping_status":"closed","template":"","meta":{"_uag_custom_page_level_css":"","site-sidebar-layout":"default","site-content-layout":"","ast-site-content-layout":"default","site-content-style":"default","site-sidebar-style":"default","ast-global-header-display":"","ast-banner-title-visibility":"","ast-main-header-display":"","ast-hfb-above-header-display":"","ast-hfb-below-header-display":"","ast-hfb-mobile-header-display":"","site-post-title":"","ast-breadcrumbs-content":"","ast-featured-img":"","footer-sml-layout":"","theme-transparent-header-meta":"default","adv-header-id-meta":"","stick-header-meta":"default","header-above-stick-meta":"","header-main-stick-meta":"","header-below-stick-meta":"","astra-migrate-meta-layouts":"set","ast-page-background-enabled":"default","ast-page-background-meta":{"desktop":{"background-color":"var(--ast-global-color-4)","background-image":"","background-repeat":"repeat","background-position":"center center","background-size":"auto","background-attachment":"scroll","background-type":"","background-media":"","overlay-type":"","overlay-color":"","overlay-opacity":"","overlay-gradient":""},"tablet":{"background-color":"","background-image":"","background-repeat":"repeat","background-position":"center center","background-size":"auto","background-attachment":"scroll","background-type":"","background-media":"","overlay-type":"","overlay-color":"","overlay-opacity":"","overlay-gradient":""},"mobile":{"background-color":"","background-image":"","background-repeat":"repeat","background-position":"center center","background-size":"auto","background-attachment":"scroll","background-type":"","background-media":"","overlay-type":"","overlay-color":"","overlay-opacity":"","overlay-gradient":""}},"ast-content-background-meta":{"desktop":{"background-color":"var(--ast-global-color-5)","background-image":"","background-repeat":"repeat","background-position":"center center","background-size":"auto","background-attachment":"scroll","background-type":"","background-media":"","overlay-type":"","overlay-color":"","overlay-opacity":"","overlay-gradient":""},"tablet":{"background-color":"var(--ast-global-color-5)","background-image":"","background-repeat":"repeat","background-position":"center center","background-size":"auto","background-attachment":"scroll","background-type":"","background-media":"","overlay-type":"","overlay-color":"","overlay-opacity":"","overlay-gradient":""},"mobile":{"background-color":"var(--ast-global-color-5)","background-image":"","background-repeat":"repeat","background-position":"center center","background-size":"auto","background-attachment":"scroll","background-type":"","background-media":"","overlay-type":"","overlay-color":"","overlay-opacity":"","overlay-gradient":""}}},"product_brand":[],"product_cat":[8],"product_tag":[],"class_list":{"0":"post-631","1":"product","2":"type-product","3":"status-publish","4":"has-post-thumbnail","6":"product_cat-kirjahyllyt","7":"desktop-align-center","8":"tablet-align-left","9":"mobile-align-left","10":"ast-product-gallery-layout-horizontal-slider","11":"ast-product-tabs-layout-accordion","13":"first","14":"instock","15":"shipping-taxable","16":"purchasable","17":"product-type-simple"},"uagb_featured_image_src":{"full":["https:\/\/yourshelf.eu\/wp-content\/uploads\/2016\/09\/Kirjahylly-24-Vanha-Tammi.png",359,300,false],"thumbnail":["https:\/\/yourshelf.eu\/wp-content\/uploads\/2016\/09\/Kirjahylly-24-Vanha-Tammi-200x200.png",200,200,true],"medium":["https:\/\/yourshelf.eu\/wp-content\/uploads\/2016\/09\/Kirjahylly-24-Vanha-Tammi-300x251.png",300,251,true],"medium_large":["https:\/\/yourshelf.eu\/wp-content\/uploads\/2016\/09\/Kirjahylly-24-Vanha-Tammi.png",359,300,false],"large":["https:\/\/yourshelf.eu\/wp-content\/uploads\/2016\/09\/Kirjahylly-24-Vanha-Tammi.png",359,300,false],"1536x1536":["https:\/\/yourshelf.eu\/wp-content\/uploads\/2016\/09\/Kirjahylly-24-Vanha-Tammi.png",359,300,false],"2048x2048":["https:\/\/yourshelf.eu\/wp-content\/uploads\/2016\/09\/Kirjahylly-24-Vanha-Tammi.png",359,300,false],"woocommerce_thumbnail":["https:\/\/yourshelf.eu\/wp-content\/uploads\/2016\/09\/Kirjahylly-24-Vanha-Tammi-340x300.png",340,300,true],"woocommerce_single":["https:\/\/yourshelf.eu\/wp-content\/uploads\/2016\/09\/Kirjahylly-24-Vanha-Tammi.png",359,300,false],"woocommerce_gallery_thumbnail":["https:\/\/yourshelf.eu\/wp-content\/uploads\/2016\/09\/Kirjahylly-24-Vanha-Tammi-100x100.png",100,100,true]},"uagb_author_info":{"display_name":"Mait Vilbiks","author_link":"https:\/\/yourshelf.eu\/et\/author\/"},"uagb_comment_info":0,"uagb_excerpt":"Muokkaa tuotetta..","_links":{"self":[{"href":"https:\/\/yourshelf.eu\/et\/wp-json\/wp\/v2\/product\/631","targetHints":{"allow":["GET"]}}],"collection":[{"href":"https:\/\/yourshelf.eu\/et\/wp-json\/wp\/v2\/product"}],"about":[{"href":"https:\/\/yourshelf.eu\/et\/wp-json\/wp\/v2\/types\/product"}],"replies":[{"embeddable":true,"href":"https:\/\/yourshelf.eu\/et\/wp-json\/wp\/v2\/comments?post=631"}],"wp:featuredmedia":[{"embeddable":true,"href":"https:\/\/yourshelf.eu\/et\/wp-json\/wp\/v2\/media\/632"}],"wp:attachment":[{"href":"https:\/\/yourshelf.eu\/et\/wp-json\/wp\/v2\/media?parent=631"}],"wp:term":[{"taxonomy":"product_brand","embeddable":true,"href":"https:\/\/yourshelf.eu\/et\/wp-json\/wp\/v2\/product_brand?post=631"},{"taxonomy":"product_cat","embeddable":true,"href":"https:\/\/yourshelf.eu\/et\/wp-json\/wp\/v2\/product_cat?post=631"},{"taxonomy":"product_tag","embeddable":true,"href":"https:\/\/yourshelf.eu\/et\/wp-json\/wp\/v2\/product_tag?post=631"}],"curies":[{"name":"wp","href":"https:\/\/api.w.org\/{rel}","templated":true}]}}